{"id":711,"date":"2022-04-24T19:06:46","date_gmt":"2022-04-24T17:06:46","guid":{"rendered":"http:\/\/margotboitard.com\/?page_id=711"},"modified":"2025-07-18T11:24:36","modified_gmt":"2025-07-18T09:24:36","slug":"organiste","status":"publish","type":"page","link":"https:\/\/margotboitard.com\/index.php\/organiste\/","title":{"rendered":"Organiste"},"content":{"rendered":"<div data-colibri-id=\"711-c1\" class=\"style-396 style-local-711-c1 position-relative\">\n  <!---->\n  <div data-colibri-component=\"section\" data-colibri-id=\"711-c2\" id=\"about\" class=\"h-section h-section-global-spacing d-flex align-items-lg-center align-items-md-center align-items-center style-434 style-local-711-c2 position-relative\">\n    <!---->\n    <!---->\n    <div class=\"h-section-grid-container h-section-boxed-container\">\n      <!---->\n      <div data-colibri-id=\"711-c3\" class=\"h-row-container gutters-row-lg-0 gutters-row-md-0 gutters-row-0 gutters-row-v-lg-0 gutters-row-v-md-0 gutters-row-v-0 style-435 style-local-711-c3 position-relative\">\n        <!---->\n        <div class=\"h-row justify-content-lg-center justify-content-md-center justify-content-center align-items-lg-stretch align-items-md-stretch align-items-stretch gutters-col-lg-0 gutters-col-md-0 gutters-col-0 gutters-col-v-lg-0 gutters-col-v-md-0 gutters-col-v-0\">\n          <!---->\n          <div class=\"h-column h-column-container d-flex h-col-lg-auto h-col-md-auto h-col-auto style-436-outer style-local-711-c4-outer\">\n            <div data-colibri-id=\"711-c4\" class=\"d-flex h-flex-basis h-column__inner h-ui-empty-state-container h-px-lg-0 h-px-md-0 h-px-0 v-inner-lg-0 v-inner-md-0 v-inner-0 style-436 style-local-711-c4 position-relative\">\n              <!---->\n              <!---->\n              <div class=\"w-100 h-y-container h-column__content h-column__v-align flex-basis-100\">\n                <!---->\n              <\/div>\n            <\/div>\n          <\/div>\n          <div class=\"h-column h-column-container d-flex h-col-lg-auto h-col-md-auto h-col-auto style-437-outer style-local-711-c5-outer\">\n            <div data-colibri-id=\"711-c5\" class=\"d-flex h-flex-basis h-column__inner h-px-lg-2 h-px-md-2 h-px-2 v-inner-lg-2 v-inner-md-2 v-inner-2 style-437 style-local-711-c5 position-relative\">\n              <!---->\n              <!---->\n              <div class=\"w-100 h-y-container h-column__content h-column__v-align flex-basis-100 align-self-lg-start align-self-md-start align-self-start\">\n                <!---->\n                <div data-colibri-id=\"711-c6\" class=\"h-global-transition-all h-heading style-438 style-local-711-c6 position-relative h-element\">\n                  <!---->\n                  <div class=\"h-heading__outer style-438 style-local-711-c6\">\n                    <!---->\n                    <!---->\n                    <h5 class=\"\">Organiste<\/h5>\n                  <\/div>\n                <\/div>\n                <div data-colibri-id=\"711-c7\" class=\"h-text h-text-component style-440 style-local-711-c7 position-relative h-element\">\n                  <!---->\n                  <!---->\n                  <div class=\"\">\n                    <p>Depuis 2018, Margot est co-titulaire des orgues du Temple de Ch\u00eane-Bougeries et du Centre Paroissial de Ch\u00eane-Bourg, \u00e0 Gen\u00e8ve\n                      <br>\n                    <\/p>\n                  <\/div>\n                <\/div>\n                <div data-colibri-id=\"711-c8\" class=\"h-x-container style-543 style-local-711-c8 position-relative h-element\">\n                  <!---->\n                  <div class=\"h-x-container-inner style-dynamic-711-c8-group style-543-spacing style-local-711-c8-spacing\"><span class=\"h-link__outer style-544-outer style-local-711-c9-outer d-inline-flex h-element\"><a h-use-smooth-scroll=\"true\" href=\"https:\/\/chene.epg.ch\/\"  data-colibri-id=\"711-c9\" class=\"d-flex w-100 align-items-center h-link style-544 style-local-711-c9 position-relative\"><!----><!----> <span>https:\/\/chene.epg.ch\/<\/span><\/a>\n                    <\/span>\n                  <\/div>\n                <\/div>\n                <div data-colibri-id=\"711-c10\" class=\"h-text h-text-component style-545 style-local-711-c10 position-relative h-element\">\n                  <!---->\n                  <!---->\n                  <div class=\"\">\n                    <p>Elle est \u00e9galement co-directrice artistique de l\u2019association Musica Ch\u00eane<\/p>\n                  <\/div>\n                <\/div>\n                <div data-colibri-id=\"711-c11\" class=\"h-x-container style-546 style-local-711-c11 position-relative h-element\">\n                  <!---->\n                  <div class=\"h-x-container-inner style-dynamic-711-c11-group style-546-spacing style-local-711-c11-spacing\"><span class=\"h-link__outer style-547-outer style-local-711-c12-outer d-inline-flex h-element\"><a h-use-smooth-scroll=\"true\" href=\"https:\/\/musicachene.ch\/\"  data-colibri-id=\"711-c12\" class=\"d-flex w-100 align-items-center h-link style-547 style-local-711-c12 position-relative\"><!----><!----> <span>https:\/\/musicachene.ch\/<\/span><\/a>\n                    <\/span>\n                  <\/div>\n                <\/div>\n                <div data-colibri-id=\"711-c13\" class=\"h-x-container style-548 style-local-711-c13 position-relative h-element\">\n                  <!---->\n                  <div class=\"h-x-container-inner style-dynamic-711-c13-group style-548-spacing style-local-711-c13-spacing\"><span class=\"h-link__outer style-549-outer style-local-711-c14-outer d-inline-flex h-element\"><a h-use-smooth-scroll=\"true\" href=\"https:\/\/www.facebook.com\/MusicaChene\"  data-colibri-id=\"711-c14\" class=\"d-flex w-100 align-items-center h-link style-549 style-local-711-c14 position-relative\"><!----><!----> <span>https:\/\/www.facebook.com\/MusicaChene<\/span><\/a>\n                    <\/span>\n                  <\/div>\n                <\/div>\n              <\/div>\n            <\/div>\n          <\/div>\n        <\/div>\n      <\/div>\n    <\/div>\n  <\/div>\n<\/div>","protected":false},"excerpt":{"rendered":"<p>Organiste Depuis 2018, Margot est co-titulaire des orgues du Temple de Ch\u00eane-Bougeries et du Centre Paroissial de Ch\u00eane-Bourg, \u00e0 Gen\u00e8ve https:\/\/chene.epg.ch\/ Elle est \u00e9galement co-directrice artistique de l\u2019association Musica Ch\u00eane [&hellip;]<\/p>\n","protected":false},"author":1,"featured_media":0,"parent":0,"menu_order":0,"comment_status":"closed","ping_status":"closed","template":"page-templates\/full-width-page.php","meta":{"footnotes":""},"class_list":["post-711","page","type-page","status-publish","hentry"],"_links":{"self":[{"href":"https:\/\/margotboitard.com\/index.php\/wp-json\/wp\/v2\/pages\/711","targetHints":{"allow":["GET"]}}],"collection":[{"href":"https:\/\/margotboitard.com\/index.php\/wp-json\/wp\/v2\/pages"}],"about":[{"href":"https:\/\/margotboitard.com\/index.php\/wp-json\/wp\/v2\/types\/page"}],"author":[{"embeddable":true,"href":"https:\/\/margotboitard.com\/index.php\/wp-json\/wp\/v2\/users\/1"}],"replies":[{"embeddable":true,"href":"https:\/\/margotboitard.com\/index.php\/wp-json\/wp\/v2\/comments?post=711"}],"version-history":[{"count":9,"href":"https:\/\/margotboitard.com\/index.php\/wp-json\/wp\/v2\/pages\/711\/revisions"}],"predecessor-version":[{"id":1586,"href":"https:\/\/margotboitard.com\/index.php\/wp-json\/wp\/v2\/pages\/711\/revisions\/1586"}],"wp:attachment":[{"href":"https:\/\/margotboitard.com\/index.php\/wp-json\/wp\/v2\/media?parent=711"}],"curies":[{"name":"wp","href":"https:\/\/api.w.org\/{rel}","templated":true}]}}